{"id":2348,"date":"2024-10-21T21:19:49","date_gmt":"2024-10-22T00:19:49","guid":{"rendered":"https:\/\/fundacioncompartir.org.ar\/?page_id=2348"},"modified":"2024-10-22T14:23:27","modified_gmt":"2024-10-22T17:23:27","slug":"premio-jeronimo-luis-de-cabrera-2024","status":"publish","type":"page","link":"https:\/\/fundacioncompartir.org.ar\/?page_id=2348","title":{"rendered":"PREMIO JER\u00d3NIMO LUIS DE CABRERA 2024"},"content":{"rendered":"\t\t<div data-elementor-type=\"wp-page\" data-elementor-id=\"2348\" class=\"elementor elementor-2348\">\n\t\t\t\t\t\t<section class=\"elementor-section elementor-top-section elementor-element elementor-element-a4290e1 elementor-section-boxed elementor-section-height-default elementor-section-height-default\" data-id=\"a4290e1\" data-element_type=\"section\">\n\t\t\t\t\t\t<div class=\"elementor-container elementor-column-gap-default\">\n\t\t\t\t\t<div class=\"elementor-column elementor-col-100 elementor-top-column elementor-element elementor-element-5ec1202\" data-id=\"5ec1202\" data-element_type=\"column\">\n\t\t\t<div class=\"elementor-widget-wrap elementor-element-populated\">\n\t\t\t\t\t\t<div class=\"elementor-element elementor-element-d0ee0c6 elementor-widget elementor-widget-heading\" data-id=\"d0ee0c6\" data-element_type=\"widget\" data-widget_type=\"heading.default\">\n\t\t\t\t<div class=\"elementor-widget-container\">\n\t\t\t<style>\/*! elementor - v3.19.0 - 07-02-2024 *\/\n.elementor-heading-title{padding:0;margin:0;line-height:1}.elementor-widget-heading .elementor-heading-title[class*=elementor-size-]>a{color:inherit;font-size:inherit;line-height:inherit}.elementor-widget-heading .elementor-heading-title.elementor-size-small{font-size:15px}.elementor-widget-heading .elementor-heading-title.elementor-size-medium{font-size:19px}.elementor-widget-heading .elementor-heading-title.elementor-size-large{font-size:29px}.elementor-widget-heading .elementor-heading-title.elementor-size-xl{font-size:39px}.elementor-widget-heading .elementor-heading-title.elementor-size-xxl{font-size:59px}<\/style><h3 class=\"elementor-heading-title elementor-size-default\">Premio distinci\u00f3n Jer\u00f3nimo Luis de Cabrera 2024 otorgado a Edgar Mazzalay - Pte. Fundaci\u00f3n Compartir.\nC\u00f3rdoba&nbsp;-&nbsp;Argentina<\/h3>\t\t<\/div>\n\t\t\t\t<\/div>\n\t\t\t\t\t<\/div>\n\t\t<\/div>\n\t\t\t\t\t<\/div>\n\t\t<\/section>\n\t\t\t\t<section class=\"elementor-section elementor-top-section elementor-element elementor-element-463f67b elementor-section-boxed elementor-section-height-default elementor-section-height-default\" data-id=\"463f67b\" data-element_type=\"section\">\n\t\t\t\t\t\t<div class=\"elementor-container elementor-column-gap-default\">\n\t\t\t\t\t<div class=\"elementor-column elementor-col-100 elementor-top-column elementor-element elementor-element-7e6af3e\" data-id=\"7e6af3e\" data-element_type=\"column\">\n\t\t\t<div class=\"elementor-widget-wrap elementor-element-populated\">\n\t\t\t\t\t\t<div class=\"elementor-element elementor-element-ec3eb09 elementor-widget elementor-widget-video\" data-id=\"ec3eb09\" data-element_type=\"widget\" data-settings=\"{&quot;video_type&quot;:&quot;hosted&quot;,&quot;controls&quot;:&quot;yes&quot;}\" data-widget_type=\"video.default\">\n\t\t\t\t<div class=\"elementor-widget-container\">\n\t\t\t<style>\/*! elementor - v3.19.0 - 07-02-2024 *\/\n.elementor-widget-video .elementor-widget-container{overflow:hidden;transform:translateZ(0)}.elementor-widget-video .elementor-wrapper{aspect-ratio:var(--video-aspect-ratio)}.elementor-widget-video .elementor-wrapper iframe,.elementor-widget-video .elementor-wrapper video{height:100%;width:100%;display:flex;border:none;background-color:#000}@supports not (aspect-ratio:1\/1){.elementor-widget-video .elementor-wrapper{position:relative;overflow:hidden;height:0;padding-bottom:calc(100% \/ var(--video-aspect-ratio))}.elementor-widget-video .elementor-wrapper iframe,.elementor-widget-video .elementor-wrapper video{position:absolute;top:0;right:0;bottom:0;left:0}}.elementor-widget-video .elementor-open-inline .elementor-custom-embed-image-overlay{position:absolute;top:0;right:0;bottom:0;left:0;background-size:cover;background-position:50%}.elementor-widget-video .elementor-custom-embed-image-overlay{cursor:pointer;text-align:center}.elementor-widget-video .elementor-custom-embed-image-overlay:hover .elementor-custom-embed-play i{opacity:1}.elementor-widget-video .elementor-custom-embed-image-overlay img{display:block;width:100%;aspect-ratio:var(--video-aspect-ratio);-o-object-fit:cover;object-fit:cover;-o-object-position:center center;object-position:center center}@supports not (aspect-ratio:1\/1){.elementor-widget-video .elementor-custom-embed-image-overlay{position:relative;overflow:hidden;height:0;padding-bottom:calc(100% \/ var(--video-aspect-ratio))}.elementor-widget-video .elementor-custom-embed-image-overlay img{position:absolute;top:0;right:0;bottom:0;left:0}}.elementor-widget-video .e-hosted-video .elementor-video{-o-object-fit:cover;object-fit:cover}.e-con-inner>.elementor-widget-video,.e-con>.elementor-widget-video{width:var(--container-widget-width);--flex-grow:var(--container-widget-flex-grow)}<\/style>\t\t<div class=\"e-hosted-video elementor-wrapper elementor-open-inline\">\n\t\t\t\t\t<video class=\"elementor-video\" src=\"https:\/\/fundacioncompartir.org.ar\/wp-content\/uploads\/2024\/10\/VID-20241021-WA0002.mp4\" controls=\"\" preload=\"metadata\" controlsList=\"nodownload\"><\/video>\n\t\t\t\t<\/div>\n\t\t\t\t<\/div>\n\t\t\t\t<\/div>\n\t\t\t\t\t<\/div>\n\t\t<\/div>\n\t\t\t\t\t<\/div>\n\t\t<\/section>\n\t\t\t\t<section class=\"elementor-section elementor-top-section elementor-element elementor-element-401ac24 elementor-section-boxed elementor-section-height-default elementor-section-height-default\" data-id=\"401ac24\" data-element_type=\"section\">\n\t\t\t\t\t\t<div class=\"elementor-container elementor-column-gap-default\">\n\t\t\t\t\t<div class=\"elementor-column elementor-col-100 elementor-top-column elementor-element elementor-element-c4ec2b0\" data-id=\"c4ec2b0\" data-element_type=\"column\">\n\t\t\t<div class=\"elementor-widget-wrap elementor-element-populated\">\n\t\t\t\t\t\t<div class=\"elementor-element elementor-element-d590345 gallery-spacing-custom elementor-widget elementor-widget-image-gallery\" data-id=\"d590345\" data-element_type=\"widget\" data-widget_type=\"image-gallery.default\">\n\t\t\t\t<div class=\"elementor-widget-container\">\n\t\t\t<style>\/*! elementor - v3.19.0 - 07-02-2024 *\/\n.elementor-image-gallery .gallery-item{display:inline-block;text-align:center;vertical-align:top;width:100%;max-width:100%;margin:0 auto}.elementor-image-gallery .gallery-item img{margin:0 auto}.elementor-image-gallery .gallery-item .gallery-caption{margin:0}.elementor-image-gallery figure img{display:block}.elementor-image-gallery figure figcaption{width:100%}.gallery-spacing-custom .elementor-image-gallery .gallery-icon{padding:0}@media (min-width:768px){.elementor-image-gallery .gallery-columns-2 .gallery-item{max-width:50%}.elementor-image-gallery .gallery-columns-3 .gallery-item{max-width:33.33%}.elementor-image-gallery .gallery-columns-4 .gallery-item{max-width:25%}.elementor-image-gallery .gallery-columns-5 .gallery-item{max-width:20%}.elementor-image-gallery .gallery-columns-6 .gallery-item{max-width:16.666%}.elementor-image-gallery .gallery-columns-7 .gallery-item{max-width:14.28%}.elementor-image-gallery .gallery-columns-8 .gallery-item{max-width:12.5%}.elementor-image-gallery .gallery-columns-9 .gallery-item{max-width:11.11%}.elementor-image-gallery .gallery-columns-10 .gallery-item{max-width:10%}}@media (min-width:480px) and (max-width:767px){.elementor-image-gallery .gallery.gallery-columns-2 .gallery-item,.elementor-image-gallery .gallery.gallery-columns-3 .gallery-item,.elementor-image-gallery .gallery.gallery-columns-4 .gallery-item,.elementor-image-gallery .gallery.gallery-columns-5 .gallery-item,.elementor-image-gallery .gallery.gallery-columns-6 .gallery-item,.elementor-image-gallery .gallery.gallery-columns-7 .gallery-item,.elementor-image-gallery .gallery.gallery-columns-8 .gallery-item,.elementor-image-gallery .gallery.gallery-columns-9 .gallery-item,.elementor-image-gallery .gallery.gallery-columns-10 .gallery-item{max-width:50%}}@media (max-width:479px){.elementor-image-gallery .gallery.gallery-columns-2 .gallery-item,.elementor-image-gallery .gallery.gallery-columns-3 .gallery-item,.elementor-image-gallery .gallery.gallery-columns-4 .gallery-item,.elementor-image-gallery .gallery.gallery-columns-5 .gallery-item,.elementor-image-gallery .gallery.gallery-columns-6 .gallery-item,.elementor-image-gallery .gallery.gallery-columns-7 .gallery-item,.elementor-image-gallery .gallery.gallery-columns-8 .gallery-item,.elementor-image-gallery .gallery.gallery-columns-9 .gallery-item,.elementor-image-gallery .gallery.gallery-columns-10 .gallery-item{max-width:100%}}<\/style>\t\t<div class=\"elementor-image-gallery\">\n\t\t\t<div id='gallery-1' class='gallery galleryid-2348 gallery-columns-2 gallery-size-bizberg_gallery'><figure class='gallery-item'>\n\t\t\t<div class='gallery-icon landscape'>\n\t\t\t\t<a data-elementor-open-lightbox=\"yes\" data-elementor-lightbox-slideshow=\"d590345\" data-elementor-lightbox-title=\"IMG-20241021-WA0004\" data-e-action-hash=\"#elementor-action%3Aaction%3Dlightbox%26settings%3DeyJpZCI6MjM0NiwidXJsIjoiaHR0cHM6XC9cL2Z1bmRhY2lvbmNvbXBhcnRpci5vcmcuYXJcL3dwLWNvbnRlbnRcL3VwbG9hZHNcLzIwMjRcLzEwXC9JTUctMjAyNDEwMjEtV0EwMDA0LmpwZyIsInNsaWRlc2hvdyI6ImQ1OTAzNDUifQ%3D%3D\" href='https:\/\/fundacioncompartir.org.ar\/wp-content\/uploads\/2024\/10\/IMG-20241021-WA0004.jpg'><img fetchpriority=\"high\" decoding=\"async\" width=\"500\" height=\"400\" src=\"https:\/\/fundacioncompartir.org.ar\/wp-content\/uploads\/2024\/10\/IMG-20241021-WA0004-500x400.jpg\" class=\"attachment-bizberg_gallery size-bizberg_gallery\" alt=\"\" \/><\/a>\n\t\t\t<\/div><\/figure><figure class='gallery-item'>\n\t\t\t<div class='gallery-icon landscape'>\n\t\t\t\t<a data-elementor-open-lightbox=\"yes\" data-elementor-lightbox-slideshow=\"d590345\" data-elementor-lightbox-title=\"IMG-20241021-WA0005\" data-e-action-hash=\"#elementor-action%3Aaction%3Dlightbox%26settings%3DeyJpZCI6MjM0MSwidXJsIjoiaHR0cHM6XC9cL2Z1bmRhY2lvbmNvbXBhcnRpci5vcmcuYXJcL3dwLWNvbnRlbnRcL3VwbG9hZHNcLzIwMjRcLzEwXC9JTUctMjAyNDEwMjEtV0EwMDA1LmpwZyIsInNsaWRlc2hvdyI6ImQ1OTAzNDUifQ%3D%3D\" href='https:\/\/fundacioncompartir.org.ar\/wp-content\/uploads\/2024\/10\/IMG-20241021-WA0005.jpg'><img decoding=\"async\" width=\"500\" height=\"400\" src=\"https:\/\/fundacioncompartir.org.ar\/wp-content\/uploads\/2024\/10\/IMG-20241021-WA0005-500x400.jpg\" class=\"attachment-bizberg_gallery size-bizberg_gallery\" alt=\"\" \/><\/a>\n\t\t\t<\/div><\/figure><figure class='gallery-item'>\n\t\t\t<div class='gallery-icon landscape'>\n\t\t\t\t<a data-elementor-open-lightbox=\"yes\" data-elementor-lightbox-slideshow=\"d590345\" data-elementor-lightbox-title=\"IMG-20241021-WA0002\" data-e-action-hash=\"#elementor-action%3Aaction%3Dlightbox%26settings%3DeyJpZCI6MjM0NCwidXJsIjoiaHR0cHM6XC9cL2Z1bmRhY2lvbmNvbXBhcnRpci5vcmcuYXJcL3dwLWNvbnRlbnRcL3VwbG9hZHNcLzIwMjRcLzEwXC9JTUctMjAyNDEwMjEtV0EwMDAyLmpwZyIsInNsaWRlc2hvdyI6ImQ1OTAzNDUifQ%3D%3D\" href='https:\/\/fundacioncompartir.org.ar\/wp-content\/uploads\/2024\/10\/IMG-20241021-WA0002.jpg'><img decoding=\"async\" width=\"500\" height=\"400\" src=\"https:\/\/fundacioncompartir.org.ar\/wp-content\/uploads\/2024\/10\/IMG-20241021-WA0002-500x400.jpg\" class=\"attachment-bizberg_gallery size-bizberg_gallery\" alt=\"\" \/><\/a>\n\t\t\t<\/div><\/figure><figure class='gallery-item'>\n\t\t\t<div class='gallery-icon landscape'>\n\t\t\t\t<a data-elementor-open-lightbox=\"yes\" data-elementor-lightbox-slideshow=\"d590345\" data-elementor-lightbox-title=\"IMG-20241021-WA0006\" data-e-action-hash=\"#elementor-action%3Aaction%3Dlightbox%26settings%3DeyJpZCI6MjM0MiwidXJsIjoiaHR0cHM6XC9cL2Z1bmRhY2lvbmNvbXBhcnRpci5vcmcuYXJcL3dwLWNvbnRlbnRcL3VwbG9hZHNcLzIwMjRcLzEwXC9JTUctMjAyNDEwMjEtV0EwMDA2LmpwZyIsInNsaWRlc2hvdyI6ImQ1OTAzNDUifQ%3D%3D\" href='https:\/\/fundacioncompartir.org.ar\/wp-content\/uploads\/2024\/10\/IMG-20241021-WA0006.jpg'><img loading=\"lazy\" decoding=\"async\" width=\"500\" height=\"400\" src=\"https:\/\/fundacioncompartir.org.ar\/wp-content\/uploads\/2024\/10\/IMG-20241021-WA0006-500x400.jpg\" class=\"attachment-bizberg_gallery size-bizberg_gallery\" alt=\"\" \/><\/a>\n\t\t\t<\/div><\/figure><figure class='gallery-item'>\n\t\t\t<div class='gallery-icon landscape'>\n\t\t\t\t<a data-elementor-open-lightbox=\"yes\" data-elementor-lightbox-slideshow=\"d590345\" data-elementor-lightbox-title=\"IMG-20241021-WA0003\" data-e-action-hash=\"#elementor-action%3Aaction%3Dlightbox%26settings%3DeyJpZCI6MjM0NSwidXJsIjoiaHR0cHM6XC9cL2Z1bmRhY2lvbmNvbXBhcnRpci5vcmcuYXJcL3dwLWNvbnRlbnRcL3VwbG9hZHNcLzIwMjRcLzEwXC9JTUctMjAyNDEwMjEtV0EwMDAzLmpwZyIsInNsaWRlc2hvdyI6ImQ1OTAzNDUifQ%3D%3D\" href='https:\/\/fundacioncompartir.org.ar\/wp-content\/uploads\/2024\/10\/IMG-20241021-WA0003.jpg'><img loading=\"lazy\" decoding=\"async\" width=\"500\" height=\"400\" src=\"https:\/\/fundacioncompartir.org.ar\/wp-content\/uploads\/2024\/10\/IMG-20241021-WA0003-500x400.jpg\" class=\"attachment-bizberg_gallery size-bizberg_gallery\" alt=\"\" \/><\/a>\n\t\t\t<\/div><\/figure>\n\t\t<\/div>\n\t\t<\/div>\n\t\t\t\t<\/div>\n\t\t\t\t<\/div>\n\t\t\t\t\t<\/div>\n\t\t<\/div>\n\t\t\t\t\t<\/div>\n\t\t<\/section>\n\t\t\t\t<\/div>\n\t\t","protected":false},"excerpt":{"rendered":"<p>Premio distinci\u00f3n Jer\u00f3nimo Luis de Cabrera 2024 otorgado a Edgar Mazzalay &#8211; Pte. Fundaci\u00f3n Compartir. C\u00f3rdoba&nbsp;&#8211;&nbsp;Argentina https:\/\/fundacioncompartir.org.ar\/wp-content\/uploads\/2024\/10\/VID-20241021-WA0002.mp4<\/p>\n","protected":false},"author":2,"featured_media":0,"parent":0,"menu_order":0,"comment_status":"closed","ping_status":"closed","template":"","meta":{"footnotes":""},"_links":{"self":[{"href":"https:\/\/fundacioncompartir.org.ar\/index.php?rest_route=\/wp\/v2\/pages\/2348"}],"collection":[{"href":"https:\/\/fundacioncompartir.org.ar\/index.php?rest_route=\/wp\/v2\/pages"}],"about":[{"href":"https:\/\/fundacioncompartir.org.ar\/index.php?rest_route=\/wp\/v2\/types\/page"}],"author":[{"embeddable":true,"href":"https:\/\/fundacioncompartir.org.ar\/index.php?rest_route=\/wp\/v2\/users\/2"}],"replies":[{"embeddable":true,"href":"https:\/\/fundacioncompartir.org.ar\/index.php?rest_route=%2Fwp%2Fv2%2Fcomments&post=2348"}],"version-history":[{"count":19,"href":"https:\/\/fundacioncompartir.org.ar\/index.php?rest_route=\/wp\/v2\/pages\/2348\/revisions"}],"predecessor-version":[{"id":2374,"href":"https:\/\/fundacioncompartir.org.ar\/index.php?rest_route=\/wp\/v2\/pages\/2348\/revisions\/2374"}],"wp:attachment":[{"href":"https:\/\/fundacioncompartir.org.ar\/index.php?rest_route=%2Fwp%2Fv2%2Fmedia&parent=2348"}],"curies":[{"name":"wp","href":"https:\/\/api.w.org\/{rel}","templated":true}]}}