{"id":376,"date":"2023-03-16T12:18:58","date_gmt":"2023-03-16T15:18:58","guid":{"rendered":"https:\/\/fundacioncompartir.org.ar\/?page_id=376"},"modified":"2023-03-30T14:03:54","modified_gmt":"2023-03-30T17:03:54","slug":"blog","status":"publish","type":"page","link":"https:\/\/fundacioncompartir.org.ar\/?page_id=376","title":{"rendered":"Blog"},"content":{"rendered":"\t\t<div data-elementor-type=\"wp-page\" data-elementor-id=\"376\" class=\"elementor elementor-376\">\n\t\t\t\t\t\t<section class=\"elementor-section elementor-top-section elementor-element elementor-element-b14f6d8 elementor-section-stretched elementor-section-full_width elementor-section-height-default elementor-section-height-default\" data-id=\"b14f6d8\" data-element_type=\"section\" data-settings=\"{&quot;stretch_section&quot;:&quot;section-stretched&quot;}\">\n\t\t\t\t\t\t<div class=\"elementor-container elementor-column-gap-default\">\n\t\t\t\t\t<div class=\"elementor-column elementor-col-100 elementor-top-column elementor-element elementor-element-57de886\" data-id=\"57de886\" data-element_type=\"column\">\n\t\t\t<div class=\"elementor-widget-wrap elementor-element-populated\">\n\t\t\t\t\t\t<div class=\"elementor-element elementor-element-6809374 elementor-widget elementor-widget-prim_basic_section_title\" data-id=\"6809374\" data-element_type=\"widget\" data-settings=\"{&quot;title_image&quot;:{&quot;url&quot;:&quot;https:\\\/\\\/fundacioncompartir.org.ar\\\/wp-content\\\/plugins\\\/elementor\\\/assets\\\/images\\\/placeholder.png&quot;,&quot;id&quot;:&quot;&quot;,&quot;size&quot;:&quot;&quot;}}\" data-widget_type=\"prim_basic_section_title.default\">\n\t\t\t\t<div class=\"elementor-widget-container\">\n\t\t\t\t\t\t<div class=\"napae-title-section\">\n\t\t\t\t<h3>Proyectos Principales<\/h3>\t\t\t<\/div>\n\t\t\t\t<\/div>\n\t\t\t\t<\/div>\n\t\t\t\t\t<\/div>\n\t\t<\/div>\n\t\t\t\t\t<\/div>\n\t\t<\/section>\n\t\t\t\t<section class=\"elementor-section elementor-top-section elementor-element elementor-element-e338399 elementor-section-boxed elementor-section-height-default elementor-section-height-default\" data-id=\"e338399\" data-element_type=\"section\">\n\t\t\t\t\t\t<div class=\"elementor-container elementor-column-gap-default\">\n\t\t\t\t\t<div class=\"elementor-column elementor-col-100 elementor-top-column elementor-element elementor-element-b736e5a\" data-id=\"b736e5a\" data-element_type=\"column\">\n\t\t\t<div class=\"elementor-widget-wrap elementor-element-populated\">\n\t\t\t\t\t\t<div class=\"elementor-element elementor-element-9fb2051 elementor-widget__width-inherit elementor-widget elementor-widget-prim_basic_blog\" data-id=\"9fb2051\" data-element_type=\"widget\" data-widget_type=\"prim_basic_blog.default\">\n\t\t\t\t<div class=\"elementor-widget-container\">\n\t\t\t\t\t<div class=\"napae-blog-wrap\">\n\t\t\t\t\t\t<div class=\"nich-row\">\n\t\t\t\n\t\t\t\t\t\t\t\t\t\t<div class=\"nich-col-md-6\">\n\t\t\t\t\t\t\t\t\t\t\t<div class=\"napae-blog-item\">\n\t\t\t\t\t\t  \t\t\t\t\t\t\t  <div class=\"napae-image\">\n\t\t\t\t\t\t\t    <a href=\"https:\/\/fundacioncompartir.org.ar\/?p=383\"><img decoding=\"async\" src=\"https:\/\/fundacioncompartir.org.ar\/wp-content\/uploads\/2023\/03\/WhatsApp-Image-2023-03-27-at-21.26.51.jpeg\" alt=\"Viviendas sustentables en Misiones\"><\/a>\n\t\t              \t\t\t\t\t\t\t  <\/div>\n\t\t\t\t\t\t\t\t\t\t\t\t\t  <div class=\"napae-blog-info\">\n\t\t\t\t\t\t  \t<h4 class=\"napae-blog-title\"><a href=\"https:\/\/fundacioncompartir.org.ar\/?p=383\">Viviendas sustentables en Misiones<\/a><\/h4>\n\t\t\t\t\t\t\t\t<p>Estamos trabajando en la formaci\u00f3n de equipos dedicados en exclusivo al desarrollo de esta tarea; integrando en la misma a otras ONG o instituciones ligadas a la ardua tarea de apalear las palpables situaci\u00f3n de las comunidades originarias con respecto a las viviendas.<\/p>\n\t\t\t  \t\t\t\t<a href=\"https:\/\/fundacioncompartir.org.ar\/?p=383\" class=\"napae-link\"><span>LEER M\u00c1S<\/span> <i class=\"fa fa-arrow-right\"><\/i><\/a>\n\t\t\t\t\t\t  <\/div>\n\t\t\t\t\t\t<\/div>\n\t\t\t\t\t\t\t\t\t<\/div>\n\t\t\t\t\t\t\t\t\t\t<div class=\"nich-col-md-6\">\n\t\t\t\t\t\t\t\t\t\t\t<div class=\"napae-blog-item\">\n\t\t\t\t\t\t  \t\t\t\t\t\t\t  <div class=\"napae-image\">\n\t\t\t\t\t\t\t    <a href=\"https:\/\/fundacioncompartir.org.ar\/?p=1078\"><img decoding=\"async\" src=\"https:\/\/fundacioncompartir.org.ar\/wp-content\/uploads\/2023\/03\/5-1.jpeg\" alt=\"Misi\u00f3n y Autogesti\u00f3n\"><\/a>\n\t\t              \t\t\t\t\t\t\t  <\/div>\n\t\t\t\t\t\t\t\t\t\t\t\t\t  <div class=\"napae-blog-info\">\n\t\t\t\t\t\t  \t<h4 class=\"napae-blog-title\"><a href=\"https:\/\/fundacioncompartir.org.ar\/?p=1078\">Misi\u00f3n y Autogesti\u00f3n<\/a><\/h4>\n\t\t\t\t\t\t\t\t<p>\u00b7 Se procura y fomenta el trabajar y &nbsp;acompa\u00f1ar en esp\u00edritu y con medios proyectados desde y hacia la autogesti\u00f3n del verdadero bienestar &nbsp;del ser humano, desde su gestaci\u00f3n hasta su madures; a trav\u00e9s de todo aquello que constituye el mejoramiento espiritual, emocional, moral, cultural f\u00edsico y material del mismo y de la comunidad que lo contenga. \u00b7 Desarrollo de&#8230;<\/p>\n\t\t\t  \t\t\t\t<a href=\"https:\/\/fundacioncompartir.org.ar\/?p=1078\" class=\"napae-link\"><span>LEER M\u00c1S<\/span> <i class=\"fa fa-arrow-right\"><\/i><\/a>\n\t\t\t\t\t\t  <\/div>\n\t\t\t\t\t\t<\/div>\n\t\t\t\t\t\t\t\t\t<\/div>\n\t\t\t\t\t\t\t\t\t\t<div class=\"nich-col-md-6\">\n\t\t\t\t\t\t\t\t\t\t\t<div class=\"napae-blog-item\">\n\t\t\t\t\t\t  \t\t\t\t\t\t\t  <div class=\"napae-image\">\n\t\t\t\t\t\t\t    <a href=\"https:\/\/fundacioncompartir.org.ar\/?p=1085\"><img decoding=\"async\" src=\"https:\/\/fundacioncompartir.org.ar\/wp-content\/uploads\/2023\/03\/02-9-scaled.jpg\" alt=\"Plan Mejoramiento de Viviendas\"><\/a>\n\t\t              \t\t\t\t\t\t\t  <\/div>\n\t\t\t\t\t\t\t\t\t\t\t\t\t  <div class=\"napae-blog-info\">\n\t\t\t\t\t\t  \t<h4 class=\"napae-blog-title\"><a href=\"https:\/\/fundacioncompartir.org.ar\/?p=1085\">Plan Mejoramiento de Viviendas<\/a><\/h4>\n\t\t\t\t\t\t\t\t<p>Existen distintas formas de construcci\u00f3n, en el caso de la mayor\u00eda de las comunidades las viviendas son hechas de palos enramadas y pajas cubiertas de barro; una de las mayores afecciones del norte argentino en cuanto a las plagas es el mal de chagas, dejando notables y dolorosas huellas en la sociedad lugare\u00f1a. Una de las formas m\u00e1s eficaces en&#8230;<\/p>\n\t\t\t  \t\t\t\t<a href=\"https:\/\/fundacioncompartir.org.ar\/?p=1085\" class=\"napae-link\"><span>LEER M\u00c1S<\/span> <i class=\"fa fa-arrow-right\"><\/i><\/a>\n\t\t\t\t\t\t  <\/div>\n\t\t\t\t\t\t<\/div>\n\t\t\t\t\t\t\t\t\t<\/div>\n\t\t\t\t\t\t<\/div>\n\t\t        <div class=\"napae-pagination\">\n              <\/div>\n    \t\t<\/div>\n\t  \t\t<\/div>\n\t\t\t\t<\/div>\n\t\t\t\t\t<\/div>\n\t\t<\/div>\n\t\t\t\t\t<\/div>\n\t\t<\/section>\n\t\t\t\t<\/div>\n\t\t","protected":false},"excerpt":{"rendered":"<p>Proyectos Principales Viviendas sustentables en Misiones Estamos trabajando en la formaci\u00f3n de equipos dedicados en exclusivo al desarrollo de esta tarea; integrando en la misma a otras ONG o instituciones ligadas a la ardua tarea de apalear las palpables situaci\u00f3n de las comunidades originarias con respecto a las viviendas. LEER M\u00c1S Misi\u00f3n y Autogesti\u00f3n \u00b7 Se procura y fomenta el&#8230;<\/p>\n","protected":false},"author":2,"featured_media":0,"parent":0,"menu_order":0,"comment_status":"closed","ping_status":"closed","template":"elementor_header_footer","meta":{"footnotes":""},"_links":{"self":[{"href":"https:\/\/fundacioncompartir.org.ar\/index.php?rest_route=\/wp\/v2\/pages\/376"}],"collection":[{"href":"https:\/\/fundacioncompartir.org.ar\/index.php?rest_route=\/wp\/v2\/pages"}],"about":[{"href":"https:\/\/fundacioncompartir.org.ar\/index.php?rest_route=\/wp\/v2\/types\/page"}],"author":[{"embeddable":true,"href":"https:\/\/fundacioncompartir.org.ar\/index.php?rest_route=\/wp\/v2\/users\/2"}],"replies":[{"embeddable":true,"href":"https:\/\/fundacioncompartir.org.ar\/index.php?rest_route=%2Fwp%2Fv2%2Fcomments&post=376"}],"version-history":[{"count":61,"href":"https:\/\/fundacioncompartir.org.ar\/index.php?rest_route=\/wp\/v2\/pages\/376\/revisions"}],"predecessor-version":[{"id":2216,"href":"https:\/\/fundacioncompartir.org.ar\/index.php?rest_route=\/wp\/v2\/pages\/376\/revisions\/2216"}],"wp:attachment":[{"href":"https:\/\/fundacioncompartir.org.ar\/index.php?rest_route=%2Fwp%2Fv2%2Fmedia&parent=376"}],"curies":[{"name":"wp","href":"https:\/\/api.w.org\/{rel}","templated":true}]}}